{"id":2,"date":"2023-09-08T09:27:37","date_gmt":"2023-09-08T07:27:37","guid":{"rendered":"https:\/\/immediacom.it\/?page_id=2"},"modified":"2024-03-10T10:04:00","modified_gmt":"2024-03-10T09:04:00","slug":"pagina-di-esempio","status":"publish","type":"page","link":"https:\/\/immediacom.it\/?page_id=2","title":{"rendered":"Chi siamo"},"content":{"rendered":"\n<p><strong><mark style=\"background-color:rgba(0, 0, 0, 0);color:#dd0101\" class=\"has-inline-color\">IMMEDIACOM<\/mark><\/strong> \u00e8 una societ\u00e0 di consulenza informatica che si occupa di innovazione tecnologica dal 1989.<\/p>\n\n\n\n<p>Il brand nasce dalla fusione delle parole <strong><mark style=\"background-color:rgba(0, 0, 0, 0);color:#dd0101\" class=\"has-inline-color\">I<\/mark><\/strong>nternet <strong><mark style=\"background-color:rgba(0, 0, 0, 0);color:#dd0101\" class=\"has-inline-color\">M<\/mark><\/strong>ulti<strong><strong><mark style=\"background-color:rgba(0, 0, 0, 0);color:#dd0101\" class=\"has-inline-color\">M<\/mark><\/strong><\/strong>edia <strong><strong><mark style=\"background-color:rgba(0, 0, 0, 0);color:#dd0101\" class=\"has-inline-color\">C<\/mark><\/strong><\/strong>ommunication.<\/p>\n\n\n\n<p>Questi, sono gli elementi caratterizzanti dei nostri servizi.<\/p>\n\n\n\n<p>Vendita assistenza e noleggio di sistemi hardware e software sono il punto di partenza e la base di tutti i nostri lavori<\/p>\n\n\n\n<p><\/p>\n\n\n\n<blockquote class=\"wp-block-quote is-layout-flow wp-block-quote-is-layout-flow\">\n<p>TELEPROMPTER professionale: \u00e8 il servizio pi\u00f9 richiesto nel ambito degli eventi.<\/p>\n<cite>www.telepromter.it<\/cite><\/blockquote>\n\n\n\n<p>&#8230;e poi:<\/p>\n\n\n\n<blockquote class=\"wp-block-quote is-layout-flow wp-block-quote-is-layout-flow\">\n<p>Streaming, Ologrammi, Mapping, Interattivit\u00e0, 3D, Realt\u00e0 virtuale, Augmented Reality e pi\u00f9 recentemente l&#8217;Intelligenza Artificiale sono solo alcuni dei campi in cui ci siamo cimentati nel corso degli anni.<\/p>\n<\/blockquote>\n\n\n\n<p>Non esitate a contattarci per maggiori informazioni: <a href=\"mailto:info@immediacom.it\" target=\"_blank\" rel=\"noopener\" title=\"\">info@immediacom.it<\/a><\/p>\n\n\n\n<p><\/p>\n","protected":false},"excerpt":{"rendered":"<p>IMMEDIACOM \u00e8 una societ\u00e0 di consulenza informatica che si occupa di innovazione tecnologica dal 1989. Il brand nasce dalla fusione delle parole Internet MultiMedia Communication. Questi, sono gli elementi caratterizzanti dei nostri servizi. Vendita assistenza e noleggio di sistemi hardware e software sono il punto di partenza e la base di tutti i nostri lavori [&hellip;]<\/p>\n","protected":false},"author":1,"featured_media":0,"parent":0,"menu_order":0,"comment_status":"closed","ping_status":"open","template":"templates\/template_page-full-width.php","meta":{"footnotes":""},"class_list":["post-2","page","type-page","status-publish","hentry"],"_links":{"self":[{"href":"https:\/\/immediacom.it\/index.php?rest_route=\/wp\/v2\/pages\/2","targetHints":{"allow":["GET"]}}],"collection":[{"href":"https:\/\/immediacom.it\/index.php?rest_route=\/wp\/v2\/pages"}],"about":[{"href":"https:\/\/immediacom.it\/index.php?rest_route=\/wp\/v2\/types\/page"}],"author":[{"embeddable":true,"href":"https:\/\/immediacom.it\/index.php?rest_route=\/wp\/v2\/users\/1"}],"replies":[{"embeddable":true,"href":"https:\/\/immediacom.it\/index.php?rest_route=%2Fwp%2Fv2%2Fcomments&post=2"}],"version-history":[{"count":2,"href":"https:\/\/immediacom.it\/index.php?rest_route=\/wp\/v2\/pages\/2\/revisions"}],"predecessor-version":[{"id":41,"href":"https:\/\/immediacom.it\/index.php?rest_route=\/wp\/v2\/pages\/2\/revisions\/41"}],"wp:attachment":[{"href":"https:\/\/immediacom.it\/index.php?rest_route=%2Fwp%2Fv2%2Fmedia&parent=2"}],"curies":[{"name":"wp","href":"https:\/\/api.w.org\/{rel}","templated":true}]}}