{"id":886,"date":"2024-03-10T09:07:47","date_gmt":"2024-03-10T08:07:47","guid":{"rendered":"https:\/\/immediacom.it\/?page_id=886"},"modified":"2024-03-10T09:07:48","modified_gmt":"2024-03-10T08:07:48","slug":"ologrammi","status":"publish","type":"page","link":"https:\/\/immediacom.it\/?page_id=886","title":{"rendered":"Ologrammi"},"content":{"rendered":"\n<figure class=\"wp-block-image size-large\"><img fetchpriority=\"high\" decoding=\"async\" width=\"782\" height=\"1024\" src=\"https:\/\/immediacom.it\/wp-content\/uploads\/2024\/03\/Brochure-ologrammi-782x1024.jpg\" alt=\"Ologrammi, sfruttando le propriet\u00e0 di un particolare tipo di vetro si pu\u00f2 sovrapporre  ad un oggetto reale un contenuto virtuale.  \" class=\"wp-image-887\" srcset=\"https:\/\/immediacom.it\/wp-content\/uploads\/2024\/03\/Brochure-ologrammi-782x1024.jpg 782w, https:\/\/immediacom.it\/wp-content\/uploads\/2024\/03\/Brochure-ologrammi-229x300.jpg 229w, https:\/\/immediacom.it\/wp-content\/uploads\/2024\/03\/Brochure-ologrammi-768x1006.jpg 768w, https:\/\/immediacom.it\/wp-content\/uploads\/2024\/03\/Brochure-ologrammi.jpg 977w\" sizes=\"(max-width: 782px) 100vw, 782px\" \/><\/figure>\n\n\n\n<p><strong>Cos&#8217;\u00e8 un ologramma?<\/strong><br>Sfruttando le propriet\u00e0 di un particolare tipo di vetro si pu\u00f2 sovrapporre ad un oggetto reale un contenuto virtuale. <br>il risultato \u00e8 un prodotto di forte impatto che cattura l&#8217;attenzione del pubblico aggiungendo informazioni e caratteristiche animate che trasformano il semplice espositore in una vero e proprio scotolo magico fondendo realt\u00e0 e computer grafico.<br><br><strong>Tipologie<\/strong><br>Si parla di effetto Paper Ghost quando si riproduce un immagine su un palco a grandezza naturale di uno persona.<br>La versione fronte retro permette di vedere l&#8217;effetto do due diverse prospettive.<br>La piramide miglioro l&#8217;effetto della versione o 3 lati consentendo una visione o 360\u00b0 dell&#8217;effetto.<\/p>\n","protected":false},"excerpt":{"rendered":"<p>Cos&#8217;\u00e8 un ologramma?Sfruttando le propriet\u00e0 di un particolare tipo di vetro si pu\u00f2 sovrapporre ad un oggetto reale un contenuto virtuale. il risultato \u00e8 un prodotto di forte impatto che cattura l&#8217;attenzione del pubblico aggiungendo informazioni e caratteristiche animate che trasformano il semplice espositore in una vero e proprio scotolo magico fondendo realt\u00e0 e computer [&hellip;]<\/p>\n","protected":false},"author":1,"featured_media":0,"parent":0,"menu_order":0,"comment_status":"closed","ping_status":"closed","template":"","meta":{"footnotes":""},"class_list":["post-886","page","type-page","status-publish","hentry"],"_links":{"self":[{"href":"https:\/\/immediacom.it\/index.php?rest_route=\/wp\/v2\/pages\/886","targetHints":{"allow":["GET"]}}],"collection":[{"href":"https:\/\/immediacom.it\/index.php?rest_route=\/wp\/v2\/pages"}],"about":[{"href":"https:\/\/immediacom.it\/index.php?rest_route=\/wp\/v2\/types\/page"}],"author":[{"embeddable":true,"href":"https:\/\/immediacom.it\/index.php?rest_route=\/wp\/v2\/users\/1"}],"replies":[{"embeddable":true,"href":"https:\/\/immediacom.it\/index.php?rest_route=%2Fwp%2Fv2%2Fcomments&post=886"}],"version-history":[{"count":1,"href":"https:\/\/immediacom.it\/index.php?rest_route=\/wp\/v2\/pages\/886\/revisions"}],"predecessor-version":[{"id":888,"href":"https:\/\/immediacom.it\/index.php?rest_route=\/wp\/v2\/pages\/886\/revisions\/888"}],"wp:attachment":[{"href":"https:\/\/immediacom.it\/index.php?rest_route=%2Fwp%2Fv2%2Fmedia&parent=886"}],"curies":[{"name":"wp","href":"https:\/\/api.w.org\/{rel}","templated":true}]}}