{"id":890,"date":"2024-03-10T09:10:18","date_gmt":"2024-03-10T08:10:18","guid":{"rendered":"https:\/\/immediacom.it\/?page_id=890"},"modified":"2024-03-10T09:10:19","modified_gmt":"2024-03-10T08:10:19","slug":"realta-aumentata","status":"publish","type":"page","link":"https:\/\/immediacom.it\/?page_id=890","title":{"rendered":"Realt\u00e0 Aumentata"},"content":{"rendered":"\n<figure class=\"wp-block-image size-large\"><img fetchpriority=\"high\" decoding=\"async\" width=\"782\" height=\"1024\" src=\"https:\/\/immediacom.it\/wp-content\/uploads\/2024\/03\/Brochure-realta-782x1024.jpg\" alt=\"Realt\u00e0 Aumentata Finalmente la tecnologia ci offre lo possibilit\u00e0 di sommare le notizie alla realt\u00e0.\" class=\"wp-image-891\" srcset=\"https:\/\/immediacom.it\/wp-content\/uploads\/2024\/03\/Brochure-realta-782x1024.jpg 782w, https:\/\/immediacom.it\/wp-content\/uploads\/2024\/03\/Brochure-realta-229x300.jpg 229w, https:\/\/immediacom.it\/wp-content\/uploads\/2024\/03\/Brochure-realta-768x1006.jpg 768w, https:\/\/immediacom.it\/wp-content\/uploads\/2024\/03\/Brochure-realta.jpg 977w\" sizes=\"(max-width: 782px) 100vw, 782px\" \/><\/figure>\n\n\n\n<p>Finalmente la tecnologia ci offre lo possibilit\u00e0 di sommare le notizie alla realt\u00e0.<br>Col nostro telefonino, con uno scherma trasparente o con gli occhiali, possiamo massimizzare lo visione del mondo che ci circonda aggiungendo allo visto informazioni di qualunque tipo, dal meteo al anagrafico dalle immagini ai video dal-le animazioni ai testi.<\/p>\n","protected":false},"excerpt":{"rendered":"<p>Finalmente la tecnologia ci offre lo possibilit\u00e0 di sommare le notizie alla realt\u00e0.Col nostro telefonino, con uno scherma trasparente o con gli occhiali, possiamo massimizzare lo visione del mondo che ci circonda aggiungendo allo visto informazioni di qualunque tipo, dal meteo al anagrafico dalle immagini ai video dal-le animazioni ai testi.<\/p>\n","protected":false},"author":1,"featured_media":0,"parent":0,"menu_order":0,"comment_status":"closed","ping_status":"closed","template":"","meta":{"footnotes":""},"class_list":["post-890","page","type-page","status-publish","hentry"],"_links":{"self":[{"href":"https:\/\/immediacom.it\/index.php?rest_route=\/wp\/v2\/pages\/890","targetHints":{"allow":["GET"]}}],"collection":[{"href":"https:\/\/immediacom.it\/index.php?rest_route=\/wp\/v2\/pages"}],"about":[{"href":"https:\/\/immediacom.it\/index.php?rest_route=\/wp\/v2\/types\/page"}],"author":[{"embeddable":true,"href":"https:\/\/immediacom.it\/index.php?rest_route=\/wp\/v2\/users\/1"}],"replies":[{"embeddable":true,"href":"https:\/\/immediacom.it\/index.php?rest_route=%2Fwp%2Fv2%2Fcomments&post=890"}],"version-history":[{"count":1,"href":"https:\/\/immediacom.it\/index.php?rest_route=\/wp\/v2\/pages\/890\/revisions"}],"predecessor-version":[{"id":892,"href":"https:\/\/immediacom.it\/index.php?rest_route=\/wp\/v2\/pages\/890\/revisions\/892"}],"wp:attachment":[{"href":"https:\/\/immediacom.it\/index.php?rest_route=%2Fwp%2Fv2%2Fmedia&parent=890"}],"curies":[{"name":"wp","href":"https:\/\/api.w.org\/{rel}","templated":true}]}}